{"id":21,"date":"2022-07-15T15:55:00","date_gmt":"2022-07-15T18:55:00","guid":{"rendered":"https:\/\/apidouro.com.br\/en\/?page_id=21"},"modified":"2022-08-05T18:09:48","modified_gmt":"2022-08-05T21:09:48","slug":"organic-products","status":"publish","type":"page","link":"https:\/\/apidouro.com.br\/en\/organic-products\/","title":{"rendered":"ORGANIC PRODUCTS"},"content":{"rendered":"\n\n\t<h1> Organic Production<\/h1>\n<h2>Transparency in the Process<\/h2>\n\t\t\t\t<img loading=\"lazy\" decoding=\"async\" src=\"https:\/\/apidouro.com.br\/en\/wp-content\/uploads\/2022\/07\/apicultor-icone.png\" alt=\"apicultor-icone\" itemprop=\"image\" height=\"125\" width=\"125\" title=\"apicultor-icone\" onerror=\"this.style.display='none'\"  \/>\n\t\t230\n\t\t\t\t\tBeekeepers\n\t\t\t\t<img loading=\"lazy\" decoding=\"async\" src=\"https:\/\/apidouro.com.br\/en\/wp-content\/uploads\/2022\/07\/apiarios-icone.png\" alt=\"apiarios-icone\" itemprop=\"image\" height=\"125\" width=\"125\" title=\"apiarios-icone\" onerror=\"this.style.display='none'\"  \/>\n\t\t2,660\n\t\t\t\t\tApiaries\n\t\t\t\t<img loading=\"lazy\" decoding=\"async\" src=\"https:\/\/apidouro.com.br\/en\/wp-content\/uploads\/2022\/07\/caixa-icone.png\" alt=\"caixa-icone\" itemprop=\"image\" height=\"125\" width=\"125\" title=\"caixa-icone\" onerror=\"this.style.display='none'\"  \/>\n\t\t+ 100k\n\t\t\t\t\tBee boxes\n<p>PRESENT IN THE BIGGEST<\/p>\n<p>HONEY PRODUCING<\/p>\n<p>STATES IN BRASIL.<\/p>\n\t\t\t\t<img loading=\"lazy\" decoding=\"async\" src=\"https:\/\/apidouro.com.br\/en\/wp-content\/uploads\/2022\/07\/favo-fumigacao.png\" alt=\"favo-fumigacao\" itemprop=\"image\" height=\"780\" width=\"837\" title=\"favo-fumigacao\" onerror=\"this.style.display='none'\"  \/>\n\t<h3>Organic Honey<\/h3>\n\nAlways having a visionary and entrepreneurial look, Apidouro saw the organic potential production in the extent and quality of the Brazilian flora. This way, making the opportunity in conquering a new consumer market around the world its main objective.Apidouro began in 2008 the certification process for the production and handling of organic honey, adapting to the necessary requirements in agreement with international legislation. A complex, thorough and audited process. This guarantees the quality and origin of its product.\n\n\t\t\t\t<img loading=\"lazy\" decoding=\"async\" src=\"https:\/\/apidouro.com.br\/en\/wp-content\/uploads\/2022\/07\/hexagonal-producao.png\" alt=\"hexagonal-producao\" itemprop=\"image\" height=\"338\" width=\"396\" title=\"hexagonal-producao\" onerror=\"this.style.display='none'\"  \/>\n\t<h3>Producing Regions<\/h3>\n\nApidouro operates in the principal honey producing regions of Brazil. Located in the following Brazilian States: Bahia, Cear\u00e1, Maranh\u00e3o, Minas Gerais, Paran\u00e1, Piau\u00ed, Rio Grande Sul and S\u00e3o Paulo.<br \/><br \/>This way, we are able to operate in different productive regions, according to the type of flowering and climatic season, meeting, this way the needs of our clients throughout the year.\n\n\t\t\t\t<img loading=\"lazy\" decoding=\"async\" src=\"https:\/\/apidouro.com.br\/en\/wp-content\/uploads\/2022\/07\/apiaro-mel-organico.png\" alt=\"apiaro-mel-organico\" itemprop=\"image\" height=\"779\" width=\"837\" title=\"apiaro-mel-organico\" onerror=\"this.style.display='none'\"  \/>\n\t\t\t\t<img loading=\"lazy\" decoding=\"async\" src=\"https:\/\/apidouro.com.br\/en\/wp-content\/uploads\/2022\/07\/hexagonal-producao.png\" alt=\"hexagonal-producao\" itemprop=\"image\" height=\"338\" width=\"396\" title=\"hexagonal-producao\" onerror=\"this.style.display='none'\"  \/>\n\t\t\t\t<img loading=\"lazy\" decoding=\"async\" src=\"https:\/\/apidouro.com.br\/en\/wp-content\/uploads\/2022\/07\/favo-limpeza.png\" alt=\"favo-limpeza\" itemprop=\"image\" height=\"777\" width=\"836\" title=\"favo-limpeza\" onerror=\"this.style.display='none'\"  \/>\n\t<h3>Management<\/h3>\n\nIn the organic production, from the management of the swarm, the location of the apiaries, the honeycomb wax used in the frames, the honey extraction location; all is done following international norms and legislation, in order to guarantee the organic quality of the honey produced, avoiding this way, any kind of contamination.\n\n\t<h3>Organic Certification<\/h3>\n\nApidouro is audited and certified by IBD Certifications. The biggest certifier of organic products in Latin America and the only Brazilian certifier of organic products certified by IFOAM (International Market), ISO\/IEC 17065 (European Market), USDA\/NOP (North American Market), Demeter (Market) and approved to be used with the SISORG seal (Brazilian Market), which makes its certificate globally accepted.\n\n\t\t\t\t<img loading=\"lazy\" decoding=\"async\" src=\"https:\/\/apidouro.com.br\/en\/wp-content\/uploads\/2022\/07\/apiarios-mel-organico.png\" alt=\"apiarios-mel-organico\" itemprop=\"image\" height=\"777\" width=\"837\" title=\"apiarios-mel-organico\" onerror=\"this.style.display='none'\"  \/>\n\n","protected":false},"excerpt":{"rendered":"<p>Organic Production Transparency in the Process 230 Beekeepers 2,660 Apiaries + 100k Bee boxes PRESENT IN THE BIGGEST HONEY PRODUCING STATES IN BRASIL. Organic Honey Always having a visionary and entrepreneurial look, Apidouro saw the organic potential production in the extent and quality of the Brazilian flora. This way, making the opportunity in conquering a&hellip;<\/p>\n","protected":false},"author":1,"featured_media":0,"parent":0,"menu_order":0,"comment_status":"closed","ping_status":"closed","template":"","meta":{"footnotes":""},"class_list":["post-21","page","type-page","status-publish","hentry"],"yoast_head":"<!-- This site is optimized with the Yoast SEO plugin v27.4 - https:\/\/yoast.com\/product\/yoast-seo-wordpress\/ -->\n<title>ORGANIC PRODUCTS - Apidouro<\/title>\n<meta name=\"robots\" content=\"index, follow, max-snippet:-1, max-image-preview:large, max-video-preview:-1\" \/>\n<link rel=\"canonical\" href=\"https:\/\/apidouro.com.br\/en\/organic-products\/\" \/>\n<meta property=\"og:locale\" content=\"en_US\" \/>\n<meta property=\"og:type\" content=\"article\" \/>\n<meta property=\"og:title\" content=\"ORGANIC PRODUCTS - Apidouro\" \/>\n<meta property=\"og:description\" content=\"Organic Production Transparency in the Process 230 Beekeepers 2,660 Apiaries + 100k Bee boxes PRESENT IN THE BIGGEST HONEY PRODUCING STATES IN BRASIL. Organic Honey Always having a visionary and entrepreneurial look, Apidouro saw the organic potential production in the extent and quality of the Brazilian flora. This way, making the opportunity in conquering a&hellip;\" \/>\n<meta property=\"og:url\" content=\"https:\/\/apidouro.com.br\/en\/organic-products\/\" \/>\n<meta property=\"og:site_name\" content=\"Apidouro\" \/>\n<meta property=\"article:publisher\" content=\"https:\/\/www.facebook.com\/pages\/Apidouro-Comercial-Exportadora-e-Importadora-Ltda\/1073302862731546\" \/>\n<meta property=\"article:modified_time\" content=\"2022-08-05T21:09:48+00:00\" \/>\n<meta property=\"og:image\" content=\"https:\/\/apidouro.com.br\/en\/wp-content\/uploads\/2022\/07\/apicultor-icone.png\" \/>\n<meta name=\"twitter:card\" content=\"summary_large_image\" \/>\n<meta name=\"twitter:label1\" content=\"Est. reading time\" \/>\n\t<meta name=\"twitter:data1\" content=\"1 minute\" \/>\n<script type=\"application\/ld+json\" class=\"yoast-schema-graph\">{\"@context\":\"https:\\\/\\\/schema.org\",\"@graph\":[{\"@type\":\"WebPage\",\"@id\":\"https:\\\/\\\/apidouro.com.br\\\/en\\\/organic-products\\\/\",\"url\":\"https:\\\/\\\/apidouro.com.br\\\/en\\\/organic-products\\\/\",\"name\":\"ORGANIC PRODUCTS - Apidouro\",\"isPartOf\":{\"@id\":\"https:\\\/\\\/apidouro.com.br\\\/en\\\/#website\"},\"primaryImageOfPage\":{\"@id\":\"https:\\\/\\\/apidouro.com.br\\\/en\\\/organic-products\\\/#primaryimage\"},\"image\":{\"@id\":\"https:\\\/\\\/apidouro.com.br\\\/en\\\/organic-products\\\/#primaryimage\"},\"thumbnailUrl\":\"https:\\\/\\\/apidouro.com.br\\\/en\\\/wp-content\\\/uploads\\\/2022\\\/07\\\/apicultor-icone.png\",\"datePublished\":\"2022-07-15T18:55:00+00:00\",\"dateModified\":\"2022-08-05T21:09:48+00:00\",\"breadcrumb\":{\"@id\":\"https:\\\/\\\/apidouro.com.br\\\/en\\\/organic-products\\\/#breadcrumb\"},\"inLanguage\":\"en-US\",\"potentialAction\":[{\"@type\":\"ReadAction\",\"target\":[\"https:\\\/\\\/apidouro.com.br\\\/en\\\/organic-products\\\/\"]}]},{\"@type\":\"ImageObject\",\"inLanguage\":\"en-US\",\"@id\":\"https:\\\/\\\/apidouro.com.br\\\/en\\\/organic-products\\\/#primaryimage\",\"url\":\"https:\\\/\\\/apidouro.com.br\\\/en\\\/wp-content\\\/uploads\\\/2022\\\/07\\\/apicultor-icone.png\",\"contentUrl\":\"https:\\\/\\\/apidouro.com.br\\\/en\\\/wp-content\\\/uploads\\\/2022\\\/07\\\/apicultor-icone.png\",\"width\":125,\"height\":125},{\"@type\":\"BreadcrumbList\",\"@id\":\"https:\\\/\\\/apidouro.com.br\\\/en\\\/organic-products\\\/#breadcrumb\",\"itemListElement\":[{\"@type\":\"ListItem\",\"position\":1,\"name\":\"In\u00edcio\",\"item\":\"https:\\\/\\\/apidouro.com.br\\\/en\\\/\"},{\"@type\":\"ListItem\",\"position\":2,\"name\":\"ORGANIC PRODUCTS\"}]},{\"@type\":\"WebSite\",\"@id\":\"https:\\\/\\\/apidouro.com.br\\\/en\\\/#website\",\"url\":\"https:\\\/\\\/apidouro.com.br\\\/en\\\/\",\"name\":\"Apidouro\",\"description\":\"O sabor da natureza\",\"publisher\":{\"@id\":\"https:\\\/\\\/apidouro.com.br\\\/en\\\/#organization\"},\"potentialAction\":[{\"@type\":\"SearchAction\",\"target\":{\"@type\":\"EntryPoint\",\"urlTemplate\":\"https:\\\/\\\/apidouro.com.br\\\/en\\\/?s={search_term_string}\"},\"query-input\":{\"@type\":\"PropertyValueSpecification\",\"valueRequired\":true,\"valueName\":\"search_term_string\"}}],\"inLanguage\":\"en-US\"},{\"@type\":\"Organization\",\"@id\":\"https:\\\/\\\/apidouro.com.br\\\/en\\\/#organization\",\"name\":\"Apidouro\",\"url\":\"https:\\\/\\\/apidouro.com.br\\\/en\\\/\",\"logo\":{\"@type\":\"ImageObject\",\"inLanguage\":\"en-US\",\"@id\":\"https:\\\/\\\/apidouro.com.br\\\/en\\\/#\\\/schema\\\/logo\\\/image\\\/\",\"url\":\"https:\\\/\\\/apidouro.com.br\\\/en\\\/wp-content\\\/uploads\\\/2022\\\/07\\\/Repeticao-de-grade-1.png\",\"contentUrl\":\"https:\\\/\\\/apidouro.com.br\\\/en\\\/wp-content\\\/uploads\\\/2022\\\/07\\\/Repeticao-de-grade-1.png\",\"width\":167,\"height\":94,\"caption\":\"Apidouro\"},\"image\":{\"@id\":\"https:\\\/\\\/apidouro.com.br\\\/en\\\/#\\\/schema\\\/logo\\\/image\\\/\"},\"sameAs\":[\"https:\\\/\\\/www.facebook.com\\\/pages\\\/Apidouro-Comercial-Exportadora-e-Importadora-Ltda\\\/1073302862731546\"]}]}<\/script>\n<!-- \/ Yoast SEO plugin. -->","yoast_head_json":{"title":"ORGANIC PRODUCTS - Apidouro","robots":{"index":"index","follow":"follow","max-snippet":"max-snippet:-1","max-image-preview":"max-image-preview:large","max-video-preview":"max-video-preview:-1"},"canonical":"https:\/\/apidouro.com.br\/en\/organic-products\/","og_locale":"en_US","og_type":"article","og_title":"ORGANIC PRODUCTS - Apidouro","og_description":"Organic Production Transparency in the Process 230 Beekeepers 2,660 Apiaries + 100k Bee boxes PRESENT IN THE BIGGEST HONEY PRODUCING STATES IN BRASIL. Organic Honey Always having a visionary and entrepreneurial look, Apidouro saw the organic potential production in the extent and quality of the Brazilian flora. This way, making the opportunity in conquering a&hellip;","og_url":"https:\/\/apidouro.com.br\/en\/organic-products\/","og_site_name":"Apidouro","article_publisher":"https:\/\/www.facebook.com\/pages\/Apidouro-Comercial-Exportadora-e-Importadora-Ltda\/1073302862731546","article_modified_time":"2022-08-05T21:09:48+00:00","og_image":[{"url":"https:\/\/apidouro.com.br\/en\/wp-content\/uploads\/2022\/07\/apicultor-icone.png","type":"","width":"","height":""}],"twitter_card":"summary_large_image","twitter_misc":{"Est. reading time":"1 minute"},"schema":{"@context":"https:\/\/schema.org","@graph":[{"@type":"WebPage","@id":"https:\/\/apidouro.com.br\/en\/organic-products\/","url":"https:\/\/apidouro.com.br\/en\/organic-products\/","name":"ORGANIC PRODUCTS - Apidouro","isPartOf":{"@id":"https:\/\/apidouro.com.br\/en\/#website"},"primaryImageOfPage":{"@id":"https:\/\/apidouro.com.br\/en\/organic-products\/#primaryimage"},"image":{"@id":"https:\/\/apidouro.com.br\/en\/organic-products\/#primaryimage"},"thumbnailUrl":"https:\/\/apidouro.com.br\/en\/wp-content\/uploads\/2022\/07\/apicultor-icone.png","datePublished":"2022-07-15T18:55:00+00:00","dateModified":"2022-08-05T21:09:48+00:00","breadcrumb":{"@id":"https:\/\/apidouro.com.br\/en\/organic-products\/#breadcrumb"},"inLanguage":"en-US","potentialAction":[{"@type":"ReadAction","target":["https:\/\/apidouro.com.br\/en\/organic-products\/"]}]},{"@type":"ImageObject","inLanguage":"en-US","@id":"https:\/\/apidouro.com.br\/en\/organic-products\/#primaryimage","url":"https:\/\/apidouro.com.br\/en\/wp-content\/uploads\/2022\/07\/apicultor-icone.png","contentUrl":"https:\/\/apidouro.com.br\/en\/wp-content\/uploads\/2022\/07\/apicultor-icone.png","width":125,"height":125},{"@type":"BreadcrumbList","@id":"https:\/\/apidouro.com.br\/en\/organic-products\/#breadcrumb","itemListElement":[{"@type":"ListItem","position":1,"name":"In\u00edcio","item":"https:\/\/apidouro.com.br\/en\/"},{"@type":"ListItem","position":2,"name":"ORGANIC PRODUCTS"}]},{"@type":"WebSite","@id":"https:\/\/apidouro.com.br\/en\/#website","url":"https:\/\/apidouro.com.br\/en\/","name":"Apidouro","description":"O sabor da natureza","publisher":{"@id":"https:\/\/apidouro.com.br\/en\/#organization"},"potentialAction":[{"@type":"SearchAction","target":{"@type":"EntryPoint","urlTemplate":"https:\/\/apidouro.com.br\/en\/?s={search_term_string}"},"query-input":{"@type":"PropertyValueSpecification","valueRequired":true,"valueName":"search_term_string"}}],"inLanguage":"en-US"},{"@type":"Organization","@id":"https:\/\/apidouro.com.br\/en\/#organization","name":"Apidouro","url":"https:\/\/apidouro.com.br\/en\/","logo":{"@type":"ImageObject","inLanguage":"en-US","@id":"https:\/\/apidouro.com.br\/en\/#\/schema\/logo\/image\/","url":"https:\/\/apidouro.com.br\/en\/wp-content\/uploads\/2022\/07\/Repeticao-de-grade-1.png","contentUrl":"https:\/\/apidouro.com.br\/en\/wp-content\/uploads\/2022\/07\/Repeticao-de-grade-1.png","width":167,"height":94,"caption":"Apidouro"},"image":{"@id":"https:\/\/apidouro.com.br\/en\/#\/schema\/logo\/image\/"},"sameAs":["https:\/\/www.facebook.com\/pages\/Apidouro-Comercial-Exportadora-e-Importadora-Ltda\/1073302862731546"]}]}},"_links":{"self":[{"href":"https:\/\/apidouro.com.br\/en\/wp-json\/wp\/v2\/pages\/21","targetHints":{"allow":["GET"]}}],"collection":[{"href":"https:\/\/apidouro.com.br\/en\/wp-json\/wp\/v2\/pages"}],"about":[{"href":"https:\/\/apidouro.com.br\/en\/wp-json\/wp\/v2\/types\/page"}],"author":[{"embeddable":true,"href":"https:\/\/apidouro.com.br\/en\/wp-json\/wp\/v2\/users\/1"}],"replies":[{"embeddable":true,"href":"https:\/\/apidouro.com.br\/en\/wp-json\/wp\/v2\/comments?post=21"}],"version-history":[{"count":31,"href":"https:\/\/apidouro.com.br\/en\/wp-json\/wp\/v2\/pages\/21\/revisions"}],"predecessor-version":[{"id":415,"href":"https:\/\/apidouro.com.br\/en\/wp-json\/wp\/v2\/pages\/21\/revisions\/415"}],"wp:attachment":[{"href":"https:\/\/apidouro.com.br\/en\/wp-json\/wp\/v2\/media?parent=21"}],"curies":[{"name":"wp","href":"https:\/\/api.w.org\/{rel}","templated":true}]}}